{"id":590,"date":"2025-11-16T20:11:14","date_gmt":"2025-11-16T19:11:14","guid":{"rendered":"https:\/\/siapro-eu.devroom.si\/?page_id=590"},"modified":"2025-12-09T23:28:43","modified_gmt":"2025-12-09T22:28:43","slug":"heavy-duty-peskalni-stroj-z-viseco-kljuko-tipa-hpc-3000x3000","status":"publish","type":"page","link":"https:\/\/siapro-eu.devroom.si\/en\/reference\/heavy-duty-peskalni-stroj-z-viseco-kljuko-tipa-hpc-3000x3000\/","title":{"rendered":"Heavy duty peskalni stroj z vise\u010do kljuko tipa HPC 3000&#215;3000"},"content":{"rendered":"<section class=\"bde-section-590-316 bde-section\">\n              \n  \n  \n\t\n\n\n\n<div class=\"section-container\"><h1 class=\"bde-heading-590-102 bde-heading\">\nLarge hanging-hook shotblasting machine type HPC 3000\u00d73000\n<\/h1><div class=\"bde-text-590-320 bde-text\">\nTurn key project\n<\/div><\/div>\n<\/section><section id=\"podjetja\" class=\"bde-section-590-399 bde-section\">\n  \n  \n\t\n\n\n\n<div class=\"section-container\"><h2 class=\"bde-heading-590-400 bde-heading heading-with-bar\">\nABOUT THE PROJECT\n<\/h2><\/div>\n<\/section><section class=\"bde-section-590-332 bde-section\">\n  \n  \n\t\n\n\n\n<div class=\"section-container\"><div class=\"bde-columns-590-408 bde-columns\"><div class=\"bde-column-590-409 bde-column\">\n  \n  \n\t\n\n\n\n<div class=\"bde-rich-text-590-412 bde-rich-text breakdance-rich-text-styles\">\n<p data-start=\"0\" data-end=\"50\"><strong data-start=\"0\" data-end=\"50\">Heavy duty Siapro HPC 3000x3000 peskalni stroj<\/strong><\/p>\n<p data-start=\"52\" data-end=\"370\">Siapro HPC 3000x3000 is a high-performance, robust, and exceptionally powerful blasting machine designed for blasting highly complex workpieces. The machine is the result of precise Siapro engineering, in-house production, and Siapro know-how. A FAT (Factory Acceptance Test) has been successfully completed, and a video of the machine operating at the customer\u2019s site is available.<\/p>\n<p data-start=\"372\" data-end=\"392\">Key features:<\/p>\n<ul data-start=\"393\" data-end=\"552\">\n<li data-start=\"393\" data-end=\"422\">\n<p data-start=\"395\" data-end=\"422\"><strong data-start=\"395\" data-end=\"413\">Machine height:<\/strong> 12,7 m<\/p>\n<\/li>\n<li data-start=\"423\" data-end=\"450\">\n<p data-start=\"425\" data-end=\"450\"><strong data-start=\"425\" data-end=\"441\">Machine weight:<\/strong> 65 tons<\/p>\n<\/li>\n<li data-start=\"451\" data-end=\"482\">\n<p data-start=\"453\" data-end=\"482\"><strong data-start=\"453\" data-end=\"473\">Max. workpiece weight:<\/strong> 10 tons<\/p>\n<\/li>\n<li data-start=\"483\" data-end=\"522\">\n<p data-start=\"485\" data-end=\"522\"><strong data-start=\"485\" data-end=\"510\">Max. workpiece dimensions:<\/strong> 3 m \u00d7 3 m<\/p>\n<\/li>\n<li data-start=\"523\" data-end=\"552\">\n<p data-start=\"525\" data-end=\"552\"><strong data-start=\"525\" data-end=\"542\">Blasting time:<\/strong> 8 minutes<\/p>\n<\/li>\n<\/ul>\n<p data-start=\"554\" data-end=\"729\">The machine is equipped with <strong data-start=\"575\" data-end=\"604\">5 \u00d7 37 kW E-ECO turbines<\/strong>, providing exceptional efficiency. It uses advanced <strong data-start=\"668\" data-end=\"696\">Siapro E-ECO tehnology<\/strong> for the best blasting results.<\/p>\n<p data-start=\"731\" data-end=\"952\" data-is-last-node=\"\" data-is-only-node=\"\">HPC 3000x3000 machine is <strong data-start=\"748\" data-end=\"787\">100% manufactured in Slovenia<\/strong> in accordance with EU standards, ensuring high quality, long service life, and reliable operation. Transport to the final location requires <strong data-start=\"934\" data-end=\"951\">5 trucks<\/strong>.<\/p>\n<\/div>\n<\/div><div class=\"bde-column-590-410 bde-column\">\n  \n  \n\t\n\n\n\n<img decoding=\"async\" class=\"bde-image2-590-411 bde-image2\" src=\"https:\/\/siapro-eu.devroom.si\/wp-content\/uploads\/2025\/12\/strahltechnik_Siapro.jpg\" loading=\"lazy\" srcset=\"https:\/\/siapro-eu.devroom.si\/wp-content\/uploads\/2025\/12\/strahltechnik_Siapro.jpg 1280w, https:\/\/siapro-eu.devroom.si\/wp-content\/uploads\/2025\/12\/strahltechnik_Siapro-300x225.jpg 300w, https:\/\/siapro-eu.devroom.si\/wp-content\/uploads\/2025\/12\/strahltechnik_Siapro-1024x768.jpg 1024w, https:\/\/siapro-eu.devroom.si\/wp-content\/uploads\/2025\/12\/strahltechnik_Siapro-768x576.jpg 768w, https:\/\/siapro-eu.devroom.si\/wp-content\/uploads\/2025\/12\/strahltechnik_Siapro-16x12.jpg 16w\" sizes=\"(max-width: 1280px) 100vw, 1280px\"><div class=\"bde-icon-list-590-472 bde-icon-list\">\n<ul>\n  \n              \n    <li>\n              <div class='bde-icon-list__item-wrapper'>\n      \n      <span class='bde-icon-list__icon'>\n        <svg xmlns=\"http:\/\/www.w3.org\/2000\/svg\" id=\"icon-calendar\" viewbox=\"0 0 32 32\">\n<path d=\"M10 12h4v4h-4zM16 12h4v4h-4zM22 12h4v4h-4zM4 24h4v4h-4zM10 24h4v4h-4zM16 24h4v4h-4zM10 18h4v4h-4zM16 18h4v4h-4zM22 18h4v4h-4zM4 18h4v4h-4zM26 0v2h-4v-2h-14v2h-4v-2h-4v32h30v-32h-4zM28 30h-26v-22h26v22z\"\/>\n<\/svg>\n      <\/span>\n      <span class='bde-icon-list__text' >\n      Year of manufacture: 2018\n      <\/span>\n              <\/div>\n      \n    <\/li>\n\n  \n              \n    <li>\n              <div class='bde-icon-list__item-wrapper'>\n      \n      <span class='bde-icon-list__icon'>\n        <svg xmlns=\"http:\/\/www.w3.org\/2000\/svg\" viewbox=\"0 0 512 512\"><!--! Font Awesome Free 6.5.1 by @fontawesome - https:\/\/fontawesome.com License - https:\/\/fontawesome.com\/license\/free (Icons: CC BY 4.0, Fonts: SIL OFL 1.1, Code: MIT License) Copyright 2023 Fonticons, Inc. --><path d=\"M495.9 166.6c3.2 8.7 .5 18.4-6.4 24.6l-43.3 39.4c1.1 8.3 1.7 16.8 1.7 25.4s-.6 17.1-1.7 25.4l43.3 39.4c6.9 6.2 9.6 15.9 6.4 24.6c-4.4 11.9-9.7 23.3-15.8 34.3l-4.7 8.1c-6.6 11-14 21.4-22.1 31.2c-5.9 7.2-15.7 9.6-24.5 6.8l-55.7-17.7c-13.4 10.3-28.2 18.9-44 25.4l-12.5 57.1c-2 9.1-9 16.3-18.2 17.8c-13.8 2.3-28 3.5-42.5 3.5s-28.7-1.2-42.5-3.5c-9.2-1.5-16.2-8.7-18.2-17.8l-12.5-57.1c-15.8-6.5-30.6-15.1-44-25.4L83.1 425.9c-8.8 2.8-18.6 .3-24.5-6.8c-8.1-9.8-15.5-20.2-22.1-31.2l-4.7-8.1c-6.1-11-11.4-22.4-15.8-34.3c-3.2-8.7-.5-18.4 6.4-24.6l43.3-39.4C64.6 273.1 64 264.6 64 256s.6-17.1 1.7-25.4L22.4 191.2c-6.9-6.2-9.6-15.9-6.4-24.6c4.4-11.9 9.7-23.3 15.8-34.3l4.7-8.1c6.6-11 14-21.4 22.1-31.2c5.9-7.2 15.7-9.6 24.5-6.8l55.7 17.7c13.4-10.3 28.2-18.9 44-25.4l12.5-57.1c2-9.1 9-16.3 18.2-17.8C227.3 1.2 241.5 0 256 0s28.7 1.2 42.5 3.5c9.2 1.5 16.2 8.7 18.2 17.8l12.5 57.1c15.8 6.5 30.6 15.1 44 25.4l55.7-17.7c8.8-2.8 18.6-.3 24.5 6.8c8.1 9.8 15.5 20.2 22.1 31.2l4.7 8.1c6.1 11 11.4 22.4 15.8 34.3zM256 336a80 80 0 1 0 0-160 80 80 0 1 0 0 160z\"\/><\/svg>\n      <\/span>\n      <span class='bde-icon-list__text' >\n      Turbines E.ECO\n      <\/span>\n              <\/div>\n      \n    <\/li>\n\n  \n              \n    <li>\n              <div class='bde-icon-list__item-wrapper'>\n      \n      <span class='bde-icon-list__icon'>\n        <svg xmlns=\"http:\/\/www.w3.org\/2000\/svg\" id=\"icon-power\" viewbox=\"0 0 32 32\">\n<path d=\"M12 0l-12 16h12l-8 16 28-20h-16l12-12z\"\/>\n<\/svg>\n      <\/span>\n      <span class='bde-icon-list__text' >\n      Turbines power: 5 \u00d7 37 kW\n      <\/span>\n              <\/div>\n      \n    <\/li>\n\n  <\/ul>\n\n<\/div><div class=\"bde-gallery-590-489 bde-gallery\">\n\n\n  \n\n\n\n\n\n\n\n\n\n\n<div class=\"ee-gallery ee-gallery--default ee-gallery--grid ee-gallery--single ee-gallery--lightbox ee-gallery-- ee-gallery--caption- ee-gallery--caption-none ee-gallery--ratio\">\n                  \n      <a class=\"ee-gallery-item ee-gallery-item--image ee-gallery-item--single\" href=\"https:\/\/siapro-eu.devroom.si\/wp-content\/uploads\/2025\/12\/straaltechniek_strahltechnik_siapro.jpg\"  data-sub-html=\"<span><\/span>\" data-category=\"1\"                  data-lg-size=\"768-1024\"\n\n      >\n        <figure class=\"ee-gallery-item-figure\">\n                        <img decoding=\"async\" class=\"breakdance-image-object\" src=\"https:\/\/siapro-eu.devroom.si\/wp-content\/uploads\/2025\/12\/straaltechniek_strahltechnik_siapro.jpg\" width=\"768\" height=\"1024\" srcset=\"https:\/\/siapro-eu.devroom.si\/wp-content\/uploads\/2025\/12\/straaltechniek_strahltechnik_siapro.jpg 768w, https:\/\/siapro-eu.devroom.si\/wp-content\/uploads\/2025\/12\/straaltechniek_strahltechnik_siapro-225x300.jpg 225w, https:\/\/siapro-eu.devroom.si\/wp-content\/uploads\/2025\/12\/straaltechniek_strahltechnik_siapro-9x12.jpg 9w\" sizes=\"auto, (max-width: 768px) 100vw, 768px\" loading=\"lazy\">\n          \n                  <\/figure>\n      <\/a>\n\n                \n      <a class=\"ee-gallery-item ee-gallery-item--image ee-gallery-item--single\" href=\"https:\/\/siapro-eu.devroom.si\/wp-content\/uploads\/2025\/12\/peskanje_velikih_kosov.jpg\"  data-sub-html=\"<span><\/span>\" data-category=\"1\"                  data-lg-size=\"768-1024\"\n\n      >\n        <figure class=\"ee-gallery-item-figure\">\n                        <img decoding=\"async\" class=\"breakdance-image-object\" src=\"https:\/\/siapro-eu.devroom.si\/wp-content\/uploads\/2025\/12\/peskanje_velikih_kosov.jpg\" width=\"768\" height=\"1024\" srcset=\"https:\/\/siapro-eu.devroom.si\/wp-content\/uploads\/2025\/12\/peskanje_velikih_kosov.jpg 768w, https:\/\/siapro-eu.devroom.si\/wp-content\/uploads\/2025\/12\/peskanje_velikih_kosov-225x300.jpg 225w, https:\/\/siapro-eu.devroom.si\/wp-content\/uploads\/2025\/12\/peskanje_velikih_kosov-9x12.jpg 9w\" sizes=\"auto, (max-width: 768px) 100vw, 768px\" loading=\"lazy\">\n          \n                  <\/figure>\n      <\/a>\n\n                \n      <a class=\"ee-gallery-item ee-gallery-item--image ee-gallery-item--single\" href=\"https:\/\/siapro-eu.devroom.si\/wp-content\/uploads\/2025\/12\/strahltechnik.jpg\"  data-sub-html=\"<span><\/span>\" data-category=\"1\"                  data-lg-size=\"768-1024\"\n\n      >\n        <figure class=\"ee-gallery-item-figure\">\n                        <img decoding=\"async\" class=\"breakdance-image-object\" src=\"https:\/\/siapro-eu.devroom.si\/wp-content\/uploads\/2025\/12\/strahltechnik.jpg\" width=\"768\" height=\"1024\" srcset=\"https:\/\/siapro-eu.devroom.si\/wp-content\/uploads\/2025\/12\/strahltechnik.jpg 768w, https:\/\/siapro-eu.devroom.si\/wp-content\/uploads\/2025\/12\/strahltechnik-225x300.jpg 225w, https:\/\/siapro-eu.devroom.si\/wp-content\/uploads\/2025\/12\/strahltechnik-9x12.jpg 9w\" sizes=\"auto, (max-width: 768px) 100vw, 768px\" loading=\"lazy\">\n          \n                  <\/figure>\n      <\/a>\n\n                \n      <a class=\"ee-gallery-item ee-gallery-item--image ee-gallery-item--single\" href=\"https:\/\/siapro-eu.devroom.si\/wp-content\/uploads\/2025\/12\/unnamed-file.jpg\"  data-sub-html=\"<span><\/span>\" data-category=\"1\"                  data-lg-size=\"768-1024\"\n\n      >\n        <figure class=\"ee-gallery-item-figure\">\n                        <img decoding=\"async\" class=\"breakdance-image-object\" src=\"https:\/\/siapro-eu.devroom.si\/wp-content\/uploads\/2025\/12\/unnamed-file.jpg\" width=\"768\" height=\"1024\" srcset=\"https:\/\/siapro-eu.devroom.si\/wp-content\/uploads\/2025\/12\/unnamed-file.jpg 768w, https:\/\/siapro-eu.devroom.si\/wp-content\/uploads\/2025\/12\/unnamed-file-225x300.jpg 225w, https:\/\/siapro-eu.devroom.si\/wp-content\/uploads\/2025\/12\/unnamed-file-9x12.jpg 9w\" sizes=\"auto, (max-width: 768px) 100vw, 768px\" loading=\"lazy\">\n          \n                  <\/figure>\n      <\/a>\n\n      \n  <\/div>\n\n\n\n<\/div>\n<\/div><\/div><\/div>\n<\/section><section class=\"bde-section-590-483 bde-section\">\n  \n  \n\t\n\n\n\n        <div class=\"section-shape-divider-wrapper section-shape-divider-wrapper--1\">\n          <span class=\"section-shape-divider\">\n                      <svg\n                xmlns=\"http:\/\/www.w3.org\/2000\/svg\"\n                viewbox=\"0 0 1440 320\"\n                preserveaspectratio=\"none\"\n            >\n              <path fill=\"currentColor\" fill-opacity=\"1\" d=\"M0,32L40,64C80,96,160,160,240,181.3C320,203,400,181,480,197.3C560,213,640,267,720,261.3C800,256,880,192,960,154.7C1040,117,1120,107,1200,85.3C1280,64,1360,32,1400,16L1440,0L1440,320L1400,320C1360,320,1280,320,1200,320C1120,320,1040,320,960,320C880,320,800,320,720,320C640,320,560,320,480,320C400,320,320,320,240,320C160,320,80,320,40,320L0,320Z\"><\/path>\n            <\/svg>\n                    <\/span>\n      <\/div>\n        <div class=\"section-shape-divider-wrapper section-shape-divider-wrapper--2\">\n          <span class=\"section-shape-divider\">\n                      <svg\n                xmlns=\"http:\/\/www.w3.org\/2000\/svg\"\n                viewbox=\"0 0 1440 320\"\n                preserveaspectratio=\"none\"\n            >\n              <path fill=\"currentColor\" fill-opacity=\"1\" d=\"M0,32L40,64C80,96,160,160,240,181.3C320,203,400,181,480,197.3C560,213,640,267,720,261.3C800,256,880,192,960,154.7C1040,117,1120,107,1200,85.3C1280,64,1360,32,1400,16L1440,0L1440,320L1400,320C1360,320,1280,320,1200,320C1120,320,1040,320,960,320C880,320,800,320,720,320C640,320,560,320,480,320C400,320,320,320,240,320C160,320,80,320,40,320L0,320Z\"><\/path>\n            <\/svg>\n                    <\/span>\n      <\/div>\n  <div class=\"section-container\"><div class=\"bde-div-590-484 bde-div\" data-entrance=\"slideUp\">\n  \n  \n\t\n\n\n\n<div class=\"bde-div-590-485 bde-div\">\n  \n  \n\t\n\n\n\n<h2 class=\"bde-heading-590-486 bde-heading\">\nInterested in a similar project?\n<\/h2><div class=\"bde-text-590-487 bde-text\">\nContact us for professional advice or a quote for your hydroelectric power plant.\n<\/div><div class=\"bde-button-590-488 bde-button\">\n    \n                        \n                        \n    \n    \n    \n    \n            \n                    \n            \n            \n\n    \n    \n    \n    \n    \n    <a class=\"breakdance-link button-atom button-atom--custom bde-button__button\" href=\"https:\/\/siapro-eu.devroom.si\/en\/kontakt\/\" target=\"_self\" data-type=\"url\"  >\n\n    \n        <span class=\"button-atom__text\">CONTACT US<\/span>\n\n        \n        \n                <\/a>\n\n    \n\n\n<\/div>\n<\/div>\n<\/div><\/div>\n<\/section>","protected":false},"excerpt":{"rendered":"<p>Ve\u010dji peskalni stroj z vise\u010do kljuko tipa HPC 3000&#215;3000 Projekt na klju\u010d O PROJEKTU Heavy duty Siapro HPC 3000&#215;3000 peskalni stroj Siapro HPC 3000&#215;3000 je vrhunski, robusten in izjemno zmogljiv peskalni stroj, zasnovan za peskanje zelo kompleksnih kosov. Stroj je rezultat natan\u010dnega Siapro na\u010drtovanja, proizvodnje in lastnega know-how-a. Opravljen je bil tudi FAT (Factory Acceptance [&hellip;]<\/p>","protected":false},"author":1,"featured_media":0,"parent":270,"menu_order":0,"comment_status":"closed","ping_status":"closed","template":"","meta":{"_breakdance_hide_in_design_set":false,"_breakdance_tags":"","footnotes":""},"class_list":["post-590","page","type-page","status-publish","hentry"],"_links":{"self":[{"href":"https:\/\/siapro-eu.devroom.si\/en\/wp-json\/wp\/v2\/pages\/590","targetHints":{"allow":["GET"]}}],"collection":[{"href":"https:\/\/siapro-eu.devroom.si\/en\/wp-json\/wp\/v2\/pages"}],"about":[{"href":"https:\/\/siapro-eu.devroom.si\/en\/wp-json\/wp\/v2\/types\/page"}],"author":[{"embeddable":true,"href":"https:\/\/siapro-eu.devroom.si\/en\/wp-json\/wp\/v2\/users\/1"}],"replies":[{"embeddable":true,"href":"https:\/\/siapro-eu.devroom.si\/en\/wp-json\/wp\/v2\/comments?post=590"}],"version-history":[{"count":16,"href":"https:\/\/siapro-eu.devroom.si\/en\/wp-json\/wp\/v2\/pages\/590\/revisions"}],"predecessor-version":[{"id":1324,"href":"https:\/\/siapro-eu.devroom.si\/en\/wp-json\/wp\/v2\/pages\/590\/revisions\/1324"}],"up":[{"embeddable":true,"href":"https:\/\/siapro-eu.devroom.si\/en\/wp-json\/wp\/v2\/pages\/270"}],"wp:attachment":[{"href":"https:\/\/siapro-eu.devroom.si\/en\/wp-json\/wp\/v2\/media?parent=590"}],"curies":[{"name":"wp","href":"https:\/\/api.w.org\/{rel}","templated":true}]}}